{"id":200369,"date":"2026-04-27T15:45:46","date_gmt":"2026-04-27T13:45:46","guid":{"rendered":"https:\/\/tecnoal.it\/?page_id=200369"},"modified":"2026-04-30T21:03:22","modified_gmt":"2026-04-30T19:03:22","slug":"industriale","status":"publish","type":"page","link":"https:\/\/tecnoal.it\/it\/industriale\/","title":{"rendered":"Industriale"},"content":{"rendered":"<p>[et_pb_section fb_built=&#8221;1&#8243; module_class=&#8221;page-hero&#8221; _builder_version=&#8221;4.27.6&#8243; _module_preset=&#8221;default&#8221; background_color=&#8221;#283466&#8243; background_image=&#8221;https:\/\/tecnoal.it\/wp-content\/uploads\/2026\/04\/PTH_Industrial.jpg&#8221; background_blend=&#8221;soft-light&#8221; global_colors_info=&#8221;{}&#8221;][et_pb_row _builder_version=&#8221;4.27.6&#8243; _module_preset=&#8221;default&#8221; positioning=&#8221;absolute&#8221; position_origin_a=&#8221;center_center&#8221; global_colors_info=&#8221;{}&#8221;][et_pb_column type=&#8221;4_4&#8243; _builder_version=&#8221;4.27.6&#8243; _module_preset=&#8221;default&#8221; global_colors_info=&#8221;{}&#8221;][et_pb_heading title=&#8221;@ET-DC@eyJkeW5hbWljIjp0cnVlLCJjb250ZW50IjoicG9zdF90aXRsZSIsInNldHRpbmdzIjp7ImJlZm9yZSI6IiIsImFmdGVyIjoiIn19@&#8221; _builder_version=&#8221;4.27.6&#8243; _dynamic_attributes=&#8221;title&#8221; _module_preset=&#8221;default&#8221; global_colors_info=&#8221;{}&#8221;][\/et_pb_heading][\/et_pb_column][\/et_pb_row][\/et_pb_section][et_pb_section fb_built=&#8221;1&#8243; _builder_version=&#8221;4.27.6&#8243; _module_preset=&#8221;default&#8221; custom_padding=&#8221;||||false|false&#8221; global_colors_info=&#8221;{}&#8221;][et_pb_row column_structure=&#8221;3_5,2_5&#8243; _builder_version=&#8221;4.27.6&#8243; _module_preset=&#8221;default&#8221; global_colors_info=&#8221;{}&#8221;][et_pb_column type=&#8221;3_5&#8243; _builder_version=&#8221;4.27.6&#8243; _module_preset=&#8221;default&#8221; global_colors_info=&#8221;{}&#8221;][et_pb_text _builder_version=&#8221;4.27.6&#8243; _module_preset=&#8221;default&#8221; global_colors_info=&#8221;{}&#8221;]<\/p>\n<p>Le piastre di raffreddamento a liquido, cos\u00ec come i dissipatori in alluminio estruso, rappresentano una <strong>soluzione efficace<\/strong> ed <strong>economicamente vantaggiosa<\/strong> per il raffreddamento della maggior parte delle apparecchiature elettroniche utilizzate in ambito industriale, come sistemi di saldatura, ricarica di batterie, controllo di motori elettrici, alimentatori, inverter e molte altre applicazioni.<\/p>\n<p>Nel settore industriale stanno inoltre assumendo un ruolo sempre pi\u00f9 rilevante i sistemi laser impiegati nel trattamento dei materiali e nella microelettronica per la produzione di schermi piatti. In particolare, la tecnologia laser viene utilizzata nei processi di taglio, saldatura e incisione dei metalli, dove il controllo termico risulta fondamentale per garantire precisione, affidabilit\u00e0 e continuit\u00e0 operativa.<\/p>\n<p>Le piastre di dissipazione a liquido, nelle quali il fluido refrigerante scorre direttamente all\u2019interno del dissipatore, offrono un elevato grado di flessibilit\u00e0 progettuale grazie alla possibilit\u00e0 di realizzare numerose configurazioni dei canali interni. Questo consente di adattare la soluzione alle specifiche esigenze dell\u2019applicazione, ottimizzando le prestazioni termiche complessive.<\/p>\n<p><strong>Tecnoal<\/strong> mette a disposizione competenze tecniche e soluzioni dedicate per progetti su misura, individuando la configurazione pi\u00f9 idonea attraverso un bilanciamento ottimale tra prestazioni termiche, affidabilit\u00e0, qualit\u00e0 e costi.<\/p>\n<p>[\/et_pb_text][\/et_pb_column][et_pb_column type=&#8221;2_5&#8243; _builder_version=&#8221;4.27.6&#8243; _module_preset=&#8221;default&#8221; global_colors_info=&#8221;{}&#8221;][et_pb_image src=&#8221;https:\/\/tecnoal.it\/wp-content\/uploads\/2026\/04\/PTH_Industrial.jpg&#8221; title_text=&#8221;PTH_Industrial&#8221; _builder_version=&#8221;4.27.6&#8243; _module_preset=&#8221;default&#8221; global_colors_info=&#8221;{}&#8221;][\/et_pb_image][et_pb_cta title=&#8221;Vuoi saperne di pi\u00f9?&#8221; button_url=&#8221;\/#contact-us&#8221; button_text=&#8221;Contattaci&#8221; _builder_version=&#8221;4.27.6&#8243; _module_preset=&#8221;default&#8221; background_color=&#8221;#283466&#8243; button_text_color=&#8221;#283466&#8243; button_bg_color=&#8221;#FFFFFF&#8221; custom_padding=&#8221;25px|25px|25px|25px|true|true&#8221; hover_enabled=&#8221;0&#8243; global_colors_info=&#8221;{}&#8221; button_text_color__hover=&#8221;#FFFFFF&#8221; button_text_color__hover_enabled=&#8221;on|hover&#8221; button_border_width__hover=&#8221;2px&#8221; sticky_enabled=&#8221;0&#8243;]<\/p>\n<p>Per maggiori informazioni o per valutare una soluzione di dissipazione termica adatta alle vostre applicazioni industriali, il team <strong>Tecnoal<\/strong> \u00e8 a disposizione.<\/p>\n<p>[\/et_pb_cta][\/et_pb_column][\/et_pb_row][\/et_pb_section]<\/p>\n","protected":false},"excerpt":{"rendered":"<p>Le piastre di raffreddamento a liquido, cos\u00ec come i dissipatori in alluminio estruso, rappresentano una soluzione efficace ed economicamente vantaggiosa per il raffreddamento della maggior parte delle apparecchiature elettroniche utilizzate in ambito industriale, come sistemi di saldatura, ricarica di batterie, controllo di motori elettrici, alimentatori, inverter e molte altre applicazioni. Nel settore industriale stanno inoltre assumendo un ruolo sempre pi\u00f9 rilevante i sistemi laser impiegati nel trattamento dei materiali e nella microelettronica per la produzione di schermi piatti. In particolare, la tecnologia laser viene utilizzata nei processi di taglio, saldatura e incisione dei metalli, dove il controllo termico risulta fondamentale per garantire precisione, affidabilit\u00e0 e continuit\u00e0 operativa. Le piastre di dissipazione a liquido, nelle quali il fluido refrigerante scorre direttamente all\u2019interno del dissipatore, offrono un elevato grado di flessibilit\u00e0 progettuale grazie alla possibilit\u00e0 di realizzare numerose configurazioni dei canali interni. Questo consente di adattare la soluzione alle specifiche esigenze dell\u2019applicazione, ottimizzando le prestazioni termiche complessive. Tecnoal mette a disposizione competenze tecniche e soluzioni dedicate per progetti su misura, individuando la configurazione pi\u00f9 idonea attraverso un bilanciamento ottimale tra prestazioni termiche, affidabilit\u00e0, qualit\u00e0 e costi.Per maggiori informazioni o per valutare una soluzione di dissipazione termica adatta alle vostre applicazioni industriali, il [&hellip;]<\/p>\n","protected":false},"author":1,"featured_media":200373,"parent":0,"menu_order":0,"comment_status":"closed","ping_status":"closed","template":"","meta":{"_et_pb_use_builder":"on","_et_pb_old_content":"","_et_gb_content_width":"","footnotes":""},"class_list":["post-200369","page","type-page","status-publish","has-post-thumbnail","hentry"],"yoast_head":"<!-- This site is optimized with the Yoast SEO plugin v27.6 - https:\/\/yoast.com\/product\/yoast-seo-wordpress\/ -->\n<title>Industriale - Tecnoal<\/title>\n<meta name=\"robots\" content=\"index, follow, max-snippet:-1, max-image-preview:large, max-video-preview:-1\" \/>\n<link rel=\"canonical\" href=\"https:\/\/tecnoal.it\/it\/industriale\/\" \/>\n<meta property=\"og:locale\" content=\"it_IT\" \/>\n<meta property=\"og:type\" content=\"article\" \/>\n<meta property=\"og:title\" content=\"Industriale - Tecnoal\" \/>\n<meta property=\"og:description\" content=\"Le piastre di raffreddamento a liquido, cos\u00ec come i dissipatori in alluminio estruso, rappresentano una soluzione efficace ed economicamente vantaggiosa per il raffreddamento della maggior parte delle apparecchiature elettroniche utilizzate in ambito industriale, come sistemi di saldatura, ricarica di batterie, controllo di motori elettrici, alimentatori, inverter e molte altre applicazioni. Nel settore industriale stanno inoltre assumendo un ruolo sempre pi\u00f9 rilevante i sistemi laser impiegati nel trattamento dei materiali e nella microelettronica per la produzione di schermi piatti. In particolare, la tecnologia laser viene utilizzata nei processi di taglio, saldatura e incisione dei metalli, dove il controllo termico risulta fondamentale per garantire precisione, affidabilit\u00e0 e continuit\u00e0 operativa. Le piastre di dissipazione a liquido, nelle quali il fluido refrigerante scorre direttamente all\u2019interno del dissipatore, offrono un elevato grado di flessibilit\u00e0 progettuale grazie alla possibilit\u00e0 di realizzare numerose configurazioni dei canali interni. Questo consente di adattare la soluzione alle specifiche esigenze dell\u2019applicazione, ottimizzando le prestazioni termiche complessive. Tecnoal mette a disposizione competenze tecniche e soluzioni dedicate per progetti su misura, individuando la configurazione pi\u00f9 idonea attraverso un bilanciamento ottimale tra prestazioni termiche, affidabilit\u00e0, qualit\u00e0 e costi.Per maggiori informazioni o per valutare una soluzione di dissipazione termica adatta alle vostre applicazioni industriali, il [&hellip;]\" \/>\n<meta property=\"og:url\" content=\"https:\/\/tecnoal.it\/it\/industriale\/\" \/>\n<meta property=\"og:site_name\" content=\"Tecnoal\" \/>\n<meta property=\"article:modified_time\" content=\"2026-04-30T19:03:22+00:00\" \/>\n<meta property=\"og:image\" content=\"https:\/\/tecnoal.it\/wp-content\/uploads\/2026\/04\/PTH_Industrial.jpg\" \/>\n\t<meta property=\"og:image:width\" content=\"1600\" \/>\n\t<meta property=\"og:image:height\" content=\"900\" \/>\n\t<meta property=\"og:image:type\" content=\"image\/jpeg\" \/>\n<meta name=\"twitter:card\" content=\"summary_large_image\" \/>\n<meta name=\"twitter:label1\" content=\"Tempo di lettura stimato\" \/>\n\t<meta name=\"twitter:data1\" content=\"2 minuti\" \/>\n<script type=\"application\/ld+json\" class=\"yoast-schema-graph\">{\"@context\":\"https:\\\/\\\/schema.org\",\"@graph\":[{\"@type\":\"WebPage\",\"@id\":\"https:\\\/\\\/tecnoal.it\\\/it\\\/industriale\\\/\",\"url\":\"https:\\\/\\\/tecnoal.it\\\/it\\\/industriale\\\/\",\"name\":\"Industriale - Tecnoal\",\"isPartOf\":{\"@id\":\"https:\\\/\\\/tecnoal.it\\\/it\\\/#website\"},\"primaryImageOfPage\":{\"@id\":\"https:\\\/\\\/tecnoal.it\\\/it\\\/industriale\\\/#primaryimage\"},\"image\":{\"@id\":\"https:\\\/\\\/tecnoal.it\\\/it\\\/industriale\\\/#primaryimage\"},\"thumbnailUrl\":\"https:\\\/\\\/tecnoal.it\\\/wp-content\\\/uploads\\\/2026\\\/04\\\/PTH_Industrial.jpg\",\"datePublished\":\"2026-04-27T13:45:46+00:00\",\"dateModified\":\"2026-04-30T19:03:22+00:00\",\"breadcrumb\":{\"@id\":\"https:\\\/\\\/tecnoal.it\\\/it\\\/industriale\\\/#breadcrumb\"},\"inLanguage\":\"it-IT\",\"potentialAction\":[{\"@type\":\"ReadAction\",\"target\":[\"https:\\\/\\\/tecnoal.it\\\/it\\\/industriale\\\/\"]}]},{\"@type\":\"ImageObject\",\"inLanguage\":\"it-IT\",\"@id\":\"https:\\\/\\\/tecnoal.it\\\/it\\\/industriale\\\/#primaryimage\",\"url\":\"https:\\\/\\\/tecnoal.it\\\/wp-content\\\/uploads\\\/2026\\\/04\\\/PTH_Industrial.jpg\",\"contentUrl\":\"https:\\\/\\\/tecnoal.it\\\/wp-content\\\/uploads\\\/2026\\\/04\\\/PTH_Industrial.jpg\",\"width\":1600,\"height\":900},{\"@type\":\"BreadcrumbList\",\"@id\":\"https:\\\/\\\/tecnoal.it\\\/it\\\/industriale\\\/#breadcrumb\",\"itemListElement\":[{\"@type\":\"ListItem\",\"position\":1,\"name\":\"Home\",\"item\":\"https:\\\/\\\/tecnoal.it\\\/it\\\/\"},{\"@type\":\"ListItem\",\"position\":2,\"name\":\"Industriale\"}]},{\"@type\":\"WebSite\",\"@id\":\"https:\\\/\\\/tecnoal.it\\\/it\\\/#website\",\"url\":\"https:\\\/\\\/tecnoal.it\\\/it\\\/\",\"name\":\"Tecnoal\",\"description\":\"\",\"publisher\":{\"@id\":\"https:\\\/\\\/tecnoal.it\\\/it\\\/#organization\"},\"potentialAction\":[{\"@type\":\"SearchAction\",\"target\":{\"@type\":\"EntryPoint\",\"urlTemplate\":\"https:\\\/\\\/tecnoal.it\\\/it\\\/?s={search_term_string}\"},\"query-input\":{\"@type\":\"PropertyValueSpecification\",\"valueRequired\":true,\"valueName\":\"search_term_string\"}}],\"inLanguage\":\"it-IT\"},{\"@type\":\"Organization\",\"@id\":\"https:\\\/\\\/tecnoal.it\\\/it\\\/#organization\",\"name\":\"Tecnoal\",\"url\":\"https:\\\/\\\/tecnoal.it\\\/it\\\/\",\"logo\":{\"@type\":\"ImageObject\",\"inLanguage\":\"it-IT\",\"@id\":\"https:\\\/\\\/tecnoal.it\\\/it\\\/#\\\/schema\\\/logo\\\/image\\\/\",\"url\":\"https:\\\/\\\/tecnoal.it\\\/wp-content\\\/uploads\\\/2026\\\/04\\\/tecnoal_logo_trimmed_transp.png\",\"contentUrl\":\"https:\\\/\\\/tecnoal.it\\\/wp-content\\\/uploads\\\/2026\\\/04\\\/tecnoal_logo_trimmed_transp.png\",\"width\":656,\"height\":172,\"caption\":\"Tecnoal\"},\"image\":{\"@id\":\"https:\\\/\\\/tecnoal.it\\\/it\\\/#\\\/schema\\\/logo\\\/image\\\/\"}}]}<\/script>\n<!-- \/ Yoast SEO plugin. -->","yoast_head_json":{"title":"Industriale - Tecnoal","robots":{"index":"index","follow":"follow","max-snippet":"max-snippet:-1","max-image-preview":"max-image-preview:large","max-video-preview":"max-video-preview:-1"},"canonical":"https:\/\/tecnoal.it\/it\/industriale\/","og_locale":"it_IT","og_type":"article","og_title":"Industriale - Tecnoal","og_description":"Le piastre di raffreddamento a liquido, cos\u00ec come i dissipatori in alluminio estruso, rappresentano una soluzione efficace ed economicamente vantaggiosa per il raffreddamento della maggior parte delle apparecchiature elettroniche utilizzate in ambito industriale, come sistemi di saldatura, ricarica di batterie, controllo di motori elettrici, alimentatori, inverter e molte altre applicazioni. Nel settore industriale stanno inoltre assumendo un ruolo sempre pi\u00f9 rilevante i sistemi laser impiegati nel trattamento dei materiali e nella microelettronica per la produzione di schermi piatti. In particolare, la tecnologia laser viene utilizzata nei processi di taglio, saldatura e incisione dei metalli, dove il controllo termico risulta fondamentale per garantire precisione, affidabilit\u00e0 e continuit\u00e0 operativa. Le piastre di dissipazione a liquido, nelle quali il fluido refrigerante scorre direttamente all\u2019interno del dissipatore, offrono un elevato grado di flessibilit\u00e0 progettuale grazie alla possibilit\u00e0 di realizzare numerose configurazioni dei canali interni. Questo consente di adattare la soluzione alle specifiche esigenze dell\u2019applicazione, ottimizzando le prestazioni termiche complessive. Tecnoal mette a disposizione competenze tecniche e soluzioni dedicate per progetti su misura, individuando la configurazione pi\u00f9 idonea attraverso un bilanciamento ottimale tra prestazioni termiche, affidabilit\u00e0, qualit\u00e0 e costi.Per maggiori informazioni o per valutare una soluzione di dissipazione termica adatta alle vostre applicazioni industriali, il [&hellip;]","og_url":"https:\/\/tecnoal.it\/it\/industriale\/","og_site_name":"Tecnoal","article_modified_time":"2026-04-30T19:03:22+00:00","og_image":[{"width":1600,"height":900,"url":"https:\/\/tecnoal.it\/wp-content\/uploads\/2026\/04\/PTH_Industrial.jpg","type":"image\/jpeg"}],"twitter_card":"summary_large_image","twitter_misc":{"Tempo di lettura stimato":"2 minuti"},"schema":{"@context":"https:\/\/schema.org","@graph":[{"@type":"WebPage","@id":"https:\/\/tecnoal.it\/it\/industriale\/","url":"https:\/\/tecnoal.it\/it\/industriale\/","name":"Industriale - Tecnoal","isPartOf":{"@id":"https:\/\/tecnoal.it\/it\/#website"},"primaryImageOfPage":{"@id":"https:\/\/tecnoal.it\/it\/industriale\/#primaryimage"},"image":{"@id":"https:\/\/tecnoal.it\/it\/industriale\/#primaryimage"},"thumbnailUrl":"https:\/\/tecnoal.it\/wp-content\/uploads\/2026\/04\/PTH_Industrial.jpg","datePublished":"2026-04-27T13:45:46+00:00","dateModified":"2026-04-30T19:03:22+00:00","breadcrumb":{"@id":"https:\/\/tecnoal.it\/it\/industriale\/#breadcrumb"},"inLanguage":"it-IT","potentialAction":[{"@type":"ReadAction","target":["https:\/\/tecnoal.it\/it\/industriale\/"]}]},{"@type":"ImageObject","inLanguage":"it-IT","@id":"https:\/\/tecnoal.it\/it\/industriale\/#primaryimage","url":"https:\/\/tecnoal.it\/wp-content\/uploads\/2026\/04\/PTH_Industrial.jpg","contentUrl":"https:\/\/tecnoal.it\/wp-content\/uploads\/2026\/04\/PTH_Industrial.jpg","width":1600,"height":900},{"@type":"BreadcrumbList","@id":"https:\/\/tecnoal.it\/it\/industriale\/#breadcrumb","itemListElement":[{"@type":"ListItem","position":1,"name":"Home","item":"https:\/\/tecnoal.it\/it\/"},{"@type":"ListItem","position":2,"name":"Industriale"}]},{"@type":"WebSite","@id":"https:\/\/tecnoal.it\/it\/#website","url":"https:\/\/tecnoal.it\/it\/","name":"Tecnoal","description":"","publisher":{"@id":"https:\/\/tecnoal.it\/it\/#organization"},"potentialAction":[{"@type":"SearchAction","target":{"@type":"EntryPoint","urlTemplate":"https:\/\/tecnoal.it\/it\/?s={search_term_string}"},"query-input":{"@type":"PropertyValueSpecification","valueRequired":true,"valueName":"search_term_string"}}],"inLanguage":"it-IT"},{"@type":"Organization","@id":"https:\/\/tecnoal.it\/it\/#organization","name":"Tecnoal","url":"https:\/\/tecnoal.it\/it\/","logo":{"@type":"ImageObject","inLanguage":"it-IT","@id":"https:\/\/tecnoal.it\/it\/#\/schema\/logo\/image\/","url":"https:\/\/tecnoal.it\/wp-content\/uploads\/2026\/04\/tecnoal_logo_trimmed_transp.png","contentUrl":"https:\/\/tecnoal.it\/wp-content\/uploads\/2026\/04\/tecnoal_logo_trimmed_transp.png","width":656,"height":172,"caption":"Tecnoal"},"image":{"@id":"https:\/\/tecnoal.it\/it\/#\/schema\/logo\/image\/"}}]}},"_links":{"self":[{"href":"https:\/\/tecnoal.it\/it\/wp-json\/wp\/v2\/pages\/200369","targetHints":{"allow":["GET"]}}],"collection":[{"href":"https:\/\/tecnoal.it\/it\/wp-json\/wp\/v2\/pages"}],"about":[{"href":"https:\/\/tecnoal.it\/it\/wp-json\/wp\/v2\/types\/page"}],"author":[{"embeddable":true,"href":"https:\/\/tecnoal.it\/it\/wp-json\/wp\/v2\/users\/1"}],"replies":[{"embeddable":true,"href":"https:\/\/tecnoal.it\/it\/wp-json\/wp\/v2\/comments?post=200369"}],"version-history":[{"count":9,"href":"https:\/\/tecnoal.it\/it\/wp-json\/wp\/v2\/pages\/200369\/revisions"}],"predecessor-version":[{"id":200564,"href":"https:\/\/tecnoal.it\/it\/wp-json\/wp\/v2\/pages\/200369\/revisions\/200564"}],"wp:featuredmedia":[{"embeddable":true,"href":"https:\/\/tecnoal.it\/it\/wp-json\/wp\/v2\/media\/200373"}],"wp:attachment":[{"href":"https:\/\/tecnoal.it\/it\/wp-json\/wp\/v2\/media?parent=200369"}],"curies":[{"name":"wp","href":"https:\/\/api.w.org\/{rel}","templated":true}]}}